{"id":385,"date":"2023-12-07T16:25:25","date_gmt":"2023-12-07T15:25:25","guid":{"rendered":"https:\/\/consulting-gora.de\/?page_id=385"},"modified":"2024-04-08T18:02:42","modified_gmt":"2024-04-08T16:02:42","slug":"home","status":"publish","type":"page","link":"https:\/\/consulting-gora.de\/de\/","title":{"rendered":"Startseite"},"content":{"rendered":"<div class=\"wpb-content-wrapper\"><p>[vc_row full_width=&#8220;stretch_row&#8220;][vc_column][vc_column_text]Suchen Sie Einkaufsexpertise? Ben\u00f6tigt ihr Unternehmen zus\u00e4tzliche Einsparungen in der Beschaffung? Wollen Sie die Materialfeldstrategie und das Lieferantenmanagement nachhaltig verbessern? Die Beschaffungskette stand in den letzten Jahren kontinuierlich vor neuen Herausforderungen und hat sich einen wichtigen Punkt auf der Management-Agenda gesichert. Supply Chain Resilience und Abh\u00e4ngigkeit von Lieferanten sind wesentlichen Themen geworden. Nachhaltigkeit (Sustainability) und Digitalisierung im Einkauf haben sich auf der Priorit\u00e4tenliste nach oben geschoben. Eine wesentliche Frage ist, wie diese Themen zu adressieren sind. Suchen Sie nach Beratung und Unterst\u00fctzung in diesen Themenfeldern?[\/vc_column_text][\/vc_column][\/vc_row][vc_row full_width=&#8220;stretch_row&#8220; content_placement=&#8220;middle&#8220; css=&#8220;.vc_custom_1702043028903{margin-top: 50px !important;margin-bottom: 50px !important;}&#8220;][vc_column offset=&#8220;vc_col-lg-6 vc_col-md-6&#8243;]<div class=\"rg-img-1\"><img decoding=\"async\" src=\"https:\/\/consulting-gora.de\/wp-content\/uploads\/2023\/12\/robert-gora_0527_web.jpg\" alt=\"Robert Gora Consulting\" loading=\"lazy\"><\/div>[\/vc_column][vc_column offset=&#8220;vc_col-lg-6 vc_col-md-6&#8243;][vc_column_text el_class=&#8220;greentext&#8220;]<\/p>\n<h2>Gestaltung der Einkaufsstrategie, Fokussierung auf Innovationen<\/h2>\n<p>Ich kann Ihnen helfen, den Status quo Ihrer Einkaufsfunktion in enger Zusammenarbeit mit Ihrem Einkaufsteam zu bewerten, gemeinsam ein umfassendes Konzept und Agenda zu entwickeln, um den Einkauf auf das n\u00e4chste Level zu heben. Nat\u00fcrlich bin ich auch gerne bereit Unterst\u00fctzung f\u00fcr die Umsetzung zu leisten.<\/p>\n<p>Mein Ansatz ist innovativ und praxisorientiert.[\/vc_column_text][\/vc_column][\/vc_row][vc_row full_width=&#8220;stretch_row&#8220; css=&#8220;.vc_custom_1702043032565{margin-top: 40px !important;margin-bottom: 40px !important;}&#8220;][vc_column width=&#8220;1\/3&#8243;][vc_single_image image=&#8220;146&#8243; img_size=&#8220;full&#8220; alignment=&#8220;center&#8220; el_class=&#8220;img-icon&#8220;][vc_column_text]<\/p>\n<p style=\"text-align: center;\"><strong>Indirektes Material &#8211; Realisierung von Kostenpotentialen<\/strong><\/p>\n<p>[\/vc_column_text][\/vc_column][vc_column width=&#8220;1\/3&#8243;][vc_single_image image=&#8220;144&#8243; img_size=&#8220;full&#8220; alignment=&#8220;center&#8220; el_class=&#8220;img-icon&#8220;][vc_column_text]<\/p>\n<p style=\"text-align: center;\"><strong>Prozessinnovationen<br \/>\nin der Beschaffung<\/strong><\/p>\n<p>[\/vc_column_text][\/vc_column][vc_column width=&#8220;1\/3&#8243;][vc_single_image image=&#8220;145&#8243; img_size=&#8220;full&#8220; alignment=&#8220;center&#8220; el_class=&#8220;img-icon&#8220;][vc_column_text]<\/p>\n<p style=\"text-align: center;\"><strong>Akquisitionen: Synergien nach Abschluss der Transaktion bei indirekten und Rohstoffen<\/strong><\/p>\n<p>[\/vc_column_text][\/vc_column][\/vc_row][vc_row full_width=&#8220;stretch_row&#8220; content_placement=&#8220;bottom&#8220; css=&#8220;.vc_custom_1709044635050{margin-top: 90px !important;margin-bottom: 0px !important;}&#8220;][vc_column][vc_column_text]<img loading=\"lazy\" decoding=\"async\" class=\"alignright wp-image-363 size-thumbnail\" src=\"https:\/\/consulting-gora.de\/wp-content\/uploads\/2023\/12\/robert-gora_0338_web-e1702038226284-300x300.jpg\" alt=\"Robert Gora Consulting PR Foto\" width=\"300\" height=\"300\" \/><\/p>\n<h2>Erfahrene, internationale F\u00fchrungskraft mit Fokus auf Innovationen<\/h2>\n<p>Meine St\u00e4rken sind umfassende Erfahrung in all diesen Bereichen: Ich habe mehr als 25 Jahre globale Teams geleitet. Im Einkauf habe ich 20 Jahre Erfahrung als F\u00fchrungskraft und globaler CPO von Gesch\u00e4ften oder Pooling-Kategorien f\u00fcr direktes und indirektes Material mit einem Einkaufsvolumen von deutlich \u00fcber einer Milliarde Euro vorzuweisen. Ich kann einen Track Record zu Innovationen vorweisen, ebenso wie die F\u00e4higkeit, ein internationales Netzwerk aufzubauen, zu leiten und zu gestalten. Erfahrung sammelte ich in der Manufacturing-Industrie, im Healthcare und im Halbleitergesch\u00e4ft.<\/p>\n<p>Als Mitglied des Kernteams und Leiter einer Pooling-Category habe ich die Zentralisierung des indirekten Materialeinkaufes eines Dax-Unternehmen erfolgreich mitgestaltet, signifikante Einkaufseinsparungen erzielt und gleichzeitig die Kosten der Organisation optimiert sowie Innovationen vorangetrieben.[\/vc_column_text][\/vc_column][\/vc_row][vc_row full_width=&#8220;stretch_row&#8220;][vc_column]<div class=\"rg-img-2\"><img decoding=\"async\" src=\"https:\/\/consulting-gora.de\/wp-content\/uploads\/2023\/12\/robert-gora_0936_web.jpg\" alt=\"Robert Gora Consulting\" loading=\"lazy\" class=\"rg-img-2-img\"><img decoding=\"async\" src=\"https:\/\/consulting-gora.de\/wp-content\/themes\/bootscore-child-main\/img\/img-overlay.svg\" alt=\"Robert Gora Consulting\" loading=\"lazy\" class=\"rg-img-2-overlay\"><p>Mein Engagement kann entweder als Interimsmanager, als Referent f\u00fcr Kongresse, Meetings oder als Senior-Berater f\u00fcr ihre Einkaufsaktivit\u00e4ten erfolgen.<\/p><\/div>[\/vc_column][\/vc_row][vc_row el_class=&#8220;width-fix&#8220;][vc_column]<script>\n\t\t\t\t\t\tdocument.addEventListener( \"DOMContentLoaded\", function () {\n\t\t\t\t\t\t\tnew Splide( \"#mr-review\", {\n\t\t\t\t\t\t\t\tarrows      : true,\t\t\t\t\t\t\t\t\n\t\t\t\t\t\t\t\tautoplay   \t: false,\n\t\t\t\t\t\t\t\tpauseOnHover: false,\n\t\t\t\t\t\t\t\tpauseOnFocus: false,\t\t\t\t\t\t\n\t\t\t\t\t\t\t\trewind\t\t: true,\n\t\t\t\t\t\t\t\tperPage\t\t: 1,\n\t\t\t\t\t\t\t\tpagination  : false,\n\t\t\t\t\t\t\t\tbreakpoints: {\n\t\t\t\t\t\t\t\t\t992: {\n\t\t\t\t\t\t\t\t\t\tperPage: 1,\n\t\t\t\t\t\t\t\t\t},\n\t\t\t\t\t\t\t\t\t480: {\n\t\t\t\t\t\t\t\t\t\tperPage: 1,\n\t\t\t\t\t\t\t\t\t},\n\t\t\t\t\t\t\t\t}\n\t\t\t\t\t\t\t} ).mount();\n\t\t\t\t\t\t} );\n\t\t\t\t\t<\/script>\n\t\t\t\t\t<div class=\"mr-review-wrapper\">\t\t\t\t\t\t\n\t\t\t\t\t\t<div class=\"mr-review-main-wrapper\">\n\t\t\t\t\t\t<div id=\"mr-review\" class=\"splide\">\t\t\t\t\t\t\t\t\t\t\n\t\t\t\t\t\t\t<div class=\"splide__track\">\n\t\t\t\t\t\t\t\t<ul class=\"splide__list\">\t\t\t\t\t<li class=\"splide__slide\">\n\t\t\t\t\t\t\t\t\t\t<div class=\"mr-review-item\">\n\t\t\t\t\t\t\t\t\t\t\t<div class=\"mr-review-meta-container\">\n\t\t\t\t\t\t\t\t\t\t\t\t<div class=\"mr-review-bg\" id=\"bg-image\" style=\"background-image: url(https:\/\/consulting-gora.de\/wp-content\/uploads\/2023\/12\/Rummel_web-480x480.jpg);\"><\/div>\n\t\t\t\t\t\t\t\t\t\t\t\t<div class=\"mr-review-content\">\n\t\t\t\t\t\t\t\t\t\t\t\t\t<div class=\"mr-review-content\"><strong>Christian Rummel<\/strong><\/div>\n\t\t\t\t\t\t\t\t\t\t\t\t\t<div class=\"mr-review-content\">Executive Coach, former CFO  <\/div>\n\t\t\t\t\t\t\t\t\t\t\t\t<\/div>\n\t\t\t\t\t\t\t\t\t\t\t<\/div>\n\t\t\t\t\t\t\t\t\t\t\t<p class=\"italic\">\"Robert Gora is a fully fledged procurement \/ supply chain leader. He works himself deep into the industries and commodities and over his career gained immense expertise. What really distinguishes him is the ability to think about and anticipate market trends and therefore start early to adjust procurement strategies. He includes suppliers as strategic partners and therefore not only works on the pricing side but on many more aspects of total cost of ownership. His commitment and quality of deliverables is very high. He is a true team player and working in close collaboration with his stakeholders.\"<\/p>\n\t\t\t\t\t\t\t\t\t\t\t\n\t\t\t\t\t\t\t\t\t\t<\/div>\n\t\t\t\t\t\t\t\t\t<\/li>\t\t\t\t\t<li class=\"splide__slide\">\n\t\t\t\t\t\t\t\t\t\t<div class=\"mr-review-item\">\n\t\t\t\t\t\t\t\t\t\t\t<div class=\"mr-review-meta-container\">\n\t\t\t\t\t\t\t\t\t\t\t\t<div class=\"mr-review-bg\" id=\"bg-image\" style=\"background-image: url(https:\/\/consulting-gora.de\/wp-content\/uploads\/2023\/12\/Thorsten-Eicke-480x480.jpg);\"><\/div>\n\t\t\t\t\t\t\t\t\t\t\t\t<div class=\"mr-review-content\">\n\t\t\t\t\t\t\t\t\t\t\t\t\t<div class=\"mr-review-content\"><strong>Thorsten Eicke<\/strong><\/div>\n\t\t\t\t\t\t\t\t\t\t\t\t\t<div class=\"mr-review-content\">former peer, VP Category Management Mobility Services | Siemens AG<\/div>\n\t\t\t\t\t\t\t\t\t\t\t\t<\/div>\n\t\t\t\t\t\t\t\t\t\t\t<\/div>\n\t\t\t\t\t\t\t\t\t\t\t<p class=\"italic\">\"Robert and I have been peers for 10 years. I always enjoyed his fact-based working attitude and advice. This made him a great partner. He is an empathic leader with a high level of integrity, standing firm to his opinion and supporting his team even in difficult times. What differentiates him from others is his business understanding, the strong commitment, focus on the real important things and driving implementation. Robert is highly experienced procurement leader, who walks his talk.\"<\/p>\n\t\t\t\t\t\t\t\t\t\t\t\n\t\t\t\t\t\t\t\t\t\t<\/div>\n\t\t\t\t\t\t\t\t\t<\/li>\t\t\t\t\t<li class=\"splide__slide\">\n\t\t\t\t\t\t\t\t\t\t<div class=\"mr-review-item\">\n\t\t\t\t\t\t\t\t\t\t\t<div class=\"mr-review-meta-container\">\n\t\t\t\t\t\t\t\t\t\t\t\t\n\t\t\t\t\t\t\t\t\t\t\t\t<div class=\"mr-review-content\">\n\t\t\t\t\t\t\t\t\t\t\t\t\t<div class=\"mr-review-content\"><strong>Tobias Schmidt<\/strong><\/div>\n\t\t\t\t\t\t\t\t\t\t\t\t\t<div class=\"mr-review-content\">CEO Europe | DHL Global Forwarding<\/div>\n\t\t\t\t\t\t\t\t\t\t\t\t<\/div>\n\t\t\t\t\t\t\t\t\t\t\t<\/div>\n\t\t\t\t\t\t\t\t\t\t\t<p class=\"italic\">\"Robert and I had always a trust- and successful collaboration over the last 15 years. He is a great and reliable business partner, even in difficult times, which makes the difference. He is straight forward, focussing on the subject and results. \"<\/p>\n\t\t\t\t\t\t\t\t\t\t\t\n\t\t\t\t\t\t\t\t\t\t<\/div>\n\t\t\t\t\t\t\t\t\t<\/li>\t\t\t\t\t<li class=\"splide__slide\">\n\t\t\t\t\t\t\t\t\t\t<div class=\"mr-review-item\">\n\t\t\t\t\t\t\t\t\t\t\t<div class=\"mr-review-meta-container\">\n\t\t\t\t\t\t\t\t\t\t\t\t<div class=\"mr-review-bg\" id=\"bg-image\" style=\"background-image: url(https:\/\/consulting-gora.de\/wp-content\/uploads\/2023\/12\/Manuel-Purwin_web.jpg);\"><\/div>\n\t\t\t\t\t\t\t\t\t\t\t\t<div class=\"mr-review-content\">\n\t\t\t\t\t\t\t\t\t\t\t\t\t<div class=\"mr-review-content\"><strong>Manuel Purwin<\/strong><\/div>\n\t\t\t\t\t\t\t\t\t\t\t\t\t<div class=\"mr-review-content\">Global Head of Automobility | DB Schenker<\/div>\n\t\t\t\t\t\t\t\t\t\t\t\t<\/div>\n\t\t\t\t\t\t\t\t\t\t\t<\/div>\n\t\t\t\t\t\t\t\t\t\t\t<p class=\"italic\">\"I had the pleasure of working with Robert during his tenure as the global head of procurement for logistics services at Siemens AG. From the moment we started collaborating, it was clear that Robert was a top executive, greatly professional with ambitious targets, known for his high standards. I am delighted to say that our professional relationship blossomed into a fruitful partnership, built on trust, exceeding results, and mutual benefits.\r\nRobert's unwavering commitment to excellence and performance focus pushed me to deliver my best work consistently. It ultimately led to the development of a strong working dynamic that propelled us to achieve remarkable outcomes.\r\nWhat truly set Robert apart was his ability to foster trust and build lasting relationships. I found him to be fair, transparent, and always willing to listen to different perspectives. He recognized the value of collaboration and actively sought input from all stakeholders, ensuring that our partnership was built on a foundation of open communication and shared goals.\"<\/p>\n\t\t\t\t\t\t\t\t\t\t\t\n\t\t\t\t\t\t\t\t\t\t<\/div>\n\t\t\t\t\t\t\t\t\t<\/li>\t\t\t\t\t<li class=\"splide__slide\">\n\t\t\t\t\t\t\t\t\t\t<div class=\"mr-review-item\">\n\t\t\t\t\t\t\t\t\t\t\t<div class=\"mr-review-meta-container\">\n\t\t\t\t\t\t\t\t\t\t\t\t<div class=\"mr-review-bg\" id=\"bg-image\" style=\"background-image: url(https:\/\/consulting-gora.de\/wp-content\/uploads\/2023\/12\/Udo-Lange.jpg);\"><\/div>\n\t\t\t\t\t\t\t\t\t\t\t\t<div class=\"mr-review-content\">\n\t\t\t\t\t\t\t\t\t\t\t\t\t<div class=\"mr-review-content\"><strong>Dr. Udo Lange<\/strong><\/div>\n\t\t\t\t\t\t\t\t\t\t\t\t\t<div class=\"mr-review-content\">Chief Executive Officer | Stolt-Nielsen<\/div>\n\t\t\t\t\t\t\t\t\t\t\t\t<\/div>\n\t\t\t\t\t\t\t\t\t\t\t<\/div>\n\t\t\t\t\t\t\t\t\t\t\t<p class=\"italic\">\"As corporate sponsor for the Siemens business at Fedex, I got to know and appreciate Robert Gora as a global logistics expert and a fair and trustworthy business partner. His strategic approach, analytical thinking, entrepreneurial spirit and empowering team leadership was foundational for our strategic collaboration resulting in a true win\/win business relationship. Robert\u2019s curiosity for new logistics trends combined with an out of the box thinking goes far beyond a traditional procurement approach. The outcome is holistic and focused on total cost of ownership rather than a pure play price negotiation. I enjoyed his willingness to leave traditional paths behind and being open minded for innovations. Hence, it is no surprise that the digitalization initiatives of his organization definitely distinguish Siemens from many other companies\"<\/p>\n\t\t\t\t\t\t\t\t\t\t\t\n\t\t\t\t\t\t\t\t\t\t<\/div>\n\t\t\t\t\t\t\t\t\t<\/li>\t\t\t\t\t<li class=\"splide__slide\">\n\t\t\t\t\t\t\t\t\t\t<div class=\"mr-review-item\">\n\t\t\t\t\t\t\t\t\t\t\t<div class=\"mr-review-meta-container\">\n\t\t\t\t\t\t\t\t\t\t\t\t<div class=\"mr-review-bg\" id=\"bg-image\" style=\"background-image: url(https:\/\/consulting-gora.de\/wp-content\/uploads\/2023\/12\/Fang-Zhang-e1702046695935-541x480.jpg);\"><\/div>\n\t\t\t\t\t\t\t\t\t\t\t\t<div class=\"mr-review-content\">\n\t\t\t\t\t\t\t\t\t\t\t\t\t<div class=\"mr-review-content\"><strong>Fang Zhang<\/strong><\/div>\n\t\t\t\t\t\t\t\t\t\t\t\t\t<div class=\"mr-review-content\">Director Logistics Procurement  | Siemens China<\/div>\n\t\t\t\t\t\t\t\t\t\t\t\t<\/div>\n\t\t\t\t\t\t\t\t\t\t\t<\/div>\n\t\t\t\t\t\t\t\t\t\t\t<p class=\"italic\">\"Robert, as my boss for over 10 years, is a really great leader who always guides the team to the right direction with extraordinary vision. We had a very close and trustful collaboration, and you could always approach him for any suggestion, he is always acting as advisor and coach with open mind and would like to help to build and foster my career and rise up valuable innovative ideas to break the hurdle. With the deep knowhow on procurement circle, and strong intercultural abilities, Robert has shaped and managed his international team all over the world in a very proper and successful way, so we are able to build up a reliable relationship to each other, and seamless cooperation for a common goal.\"<\/p>\n\t\t\t\t\t\t\t\t\t\t\t\n\t\t\t\t\t\t\t\t\t\t<\/div>\n\t\t\t\t\t\t\t\t\t<\/li>\t\t\t<\/ul>\n\t\t\t\t\t\t\t<\/div>\n\t\t\t\t\t\t<\/div>\n\t\t\t\t\t<\/div>[\/vc_column][\/vc_row]<\/p>\n<\/div>","protected":false},"excerpt":{"rendered":"<p>[vc_row full_width=&#8220;stretch_row&#8220;][vc_column][vc_column_text]Suchen Sie Einkaufsexpertise? Ben\u00f6tigt ihr Unternehmen zus\u00e4tzliche Einsparungen in der Beschaffung? Wollen Sie die Materialfeldstrategie und das Lieferantenmanagement nachhaltig verbessern? Die Beschaffungskette stand in den letzten Jahren kontinuierlich vor neuen Herausforderungen und hat sich einen wichtigen Punkt auf der Management-Agenda gesichert. Supply Chain Resilience und Abh\u00e4ngigkeit von Lieferanten sind wesentlichen Themen geworden. Nachhaltigkeit (Sustainability) [&hellip;]<\/p>\n","protected":false},"author":1,"featured_media":0,"parent":0,"menu_order":0,"comment_status":"closed","ping_status":"closed","template":"","meta":{"_acf_changed":false,"footnotes":""},"class_list":["post-385","page","type-page","status-publish","hentry"],"acf":[],"yoast_head":"<!-- This site is optimized with the Yoast SEO plugin v23.6 - https:\/\/yoast.com\/wordpress\/plugins\/seo\/ -->\n<title>Startseite | Robert Gora Consulting<\/title>\n<meta name=\"description\" content=\"Robert Gora Consulting - Senior Procurement Manager und Experte mit mehr als 20 Jahren Erfahrung. Der Status quo der Beschaffung ...\" \/>\n<meta name=\"robots\" content=\"index, follow, max-snippet:-1, max-image-preview:large, max-video-preview:-1\" \/>\n<link rel=\"canonical\" href=\"https:\/\/consulting-gora.de\/de\/\" \/>\n<meta property=\"og:locale\" content=\"de_DE\" \/>\n<meta property=\"og:type\" content=\"article\" \/>\n<meta property=\"og:title\" content=\"Startseite | Robert Gora Consulting\" \/>\n<meta property=\"og:description\" content=\"Robert Gora Consulting - Senior Procurement Manager und Experte mit mehr als 20 Jahren Erfahrung. Der Status quo der Beschaffung ...\" \/>\n<meta property=\"og:url\" content=\"https:\/\/consulting-gora.de\/de\/\" \/>\n<meta property=\"og:site_name\" content=\"Robert Gora Consulting\" \/>\n<meta property=\"article:modified_time\" content=\"2024-04-08T16:02:42+00:00\" \/>\n<meta property=\"og:image\" content=\"https:\/\/consulting-gora.de\/wp-content\/uploads\/2023\/12\/robert-gora_0338_web-e1702038226284-300x300.jpg\" \/>\n<meta name=\"twitter:card\" content=\"summary_large_image\" \/>\n<meta name=\"twitter:label1\" content=\"Gesch\u00e4tzte Lesezeit\" \/>\n\t<meta name=\"twitter:data1\" content=\"2\u00a0Minuten\" \/>\n<script type=\"application\/ld+json\" class=\"yoast-schema-graph\">{\"@context\":\"https:\/\/schema.org\",\"@graph\":[{\"@type\":\"WebPage\",\"@id\":\"https:\/\/consulting-gora.de\/de\/\",\"url\":\"https:\/\/consulting-gora.de\/de\/\",\"name\":\"Startseite | Robert Gora Consulting\",\"isPartOf\":{\"@id\":\"https:\/\/consulting-gora.de\/de\/#website\"},\"primaryImageOfPage\":{\"@id\":\"https:\/\/consulting-gora.de\/de\/#primaryimage\"},\"image\":{\"@id\":\"https:\/\/consulting-gora.de\/de\/#primaryimage\"},\"thumbnailUrl\":\"https:\/\/consulting-gora.de\/wp-content\/uploads\/2023\/12\/robert-gora_0338_web-e1702038226284-300x300.jpg\",\"datePublished\":\"2023-12-07T15:25:25+00:00\",\"dateModified\":\"2024-04-08T16:02:42+00:00\",\"description\":\"Robert Gora Consulting - Senior Procurement Manager und Experte mit mehr als 20 Jahren Erfahrung. Der Status quo der Beschaffung ...\",\"breadcrumb\":{\"@id\":\"https:\/\/consulting-gora.de\/de\/#breadcrumb\"},\"inLanguage\":\"de\",\"potentialAction\":[{\"@type\":\"ReadAction\",\"target\":[\"https:\/\/consulting-gora.de\/de\/\"]}]},{\"@type\":\"ImageObject\",\"inLanguage\":\"de\",\"@id\":\"https:\/\/consulting-gora.de\/de\/#primaryimage\",\"url\":\"https:\/\/consulting-gora.de\/wp-content\/uploads\/2023\/12\/robert-gora_0338_web-e1702038226284-300x300.jpg\",\"contentUrl\":\"https:\/\/consulting-gora.de\/wp-content\/uploads\/2023\/12\/robert-gora_0338_web-e1702038226284-300x300.jpg\"},{\"@type\":\"BreadcrumbList\",\"@id\":\"https:\/\/consulting-gora.de\/de\/#breadcrumb\",\"itemListElement\":[{\"@type\":\"ListItem\",\"position\":1,\"name\":\"Home\",\"item\":\"https:\/\/consulting-gora.de\/de\/\"},{\"@type\":\"ListItem\",\"position\":2,\"name\":\"Startseite\"}]},{\"@type\":\"WebSite\",\"@id\":\"https:\/\/consulting-gora.de\/de\/#website\",\"url\":\"https:\/\/consulting-gora.de\/de\/\",\"name\":\"Robert Gora Consulting\",\"description\":\"\",\"publisher\":{\"@id\":\"https:\/\/consulting-gora.de\/de\/#organization\"},\"potentialAction\":[{\"@type\":\"SearchAction\",\"target\":{\"@type\":\"EntryPoint\",\"urlTemplate\":\"https:\/\/consulting-gora.de\/de\/?s={search_term_string}\"},\"query-input\":{\"@type\":\"PropertyValueSpecification\",\"valueRequired\":true,\"valueName\":\"search_term_string\"}}],\"inLanguage\":\"de\"},{\"@type\":\"Organization\",\"@id\":\"https:\/\/consulting-gora.de\/de\/#organization\",\"name\":\"Robert Gora Consulting\",\"url\":\"https:\/\/consulting-gora.de\/de\/\",\"logo\":{\"@type\":\"ImageObject\",\"inLanguage\":\"de\",\"@id\":\"https:\/\/consulting-gora.de\/de\/#\/schema\/logo\/image\/\",\"url\":\"https:\/\/consulting-gora.de\/wp-content\/uploads\/2024\/01\/Gora_rgb.png\",\"contentUrl\":\"https:\/\/consulting-gora.de\/wp-content\/uploads\/2024\/01\/Gora_rgb.png\",\"width\":443,\"height\":199,\"caption\":\"Robert Gora Consulting\"},\"image\":{\"@id\":\"https:\/\/consulting-gora.de\/de\/#\/schema\/logo\/image\/\"},\"sameAs\":[\"https:\/\/www.linkedin.com\/in\/robert-gora-02380846\/\"]}]}<\/script>\n<!-- \/ Yoast SEO plugin. -->","yoast_head_json":{"title":"Startseite | Robert Gora Consulting","description":"Robert Gora Consulting - Senior Procurement Manager und Experte mit mehr als 20 Jahren Erfahrung. Der Status quo der Beschaffung ...","robots":{"index":"index","follow":"follow","max-snippet":"max-snippet:-1","max-image-preview":"max-image-preview:large","max-video-preview":"max-video-preview:-1"},"canonical":"https:\/\/consulting-gora.de\/de\/","og_locale":"de_DE","og_type":"article","og_title":"Startseite | Robert Gora Consulting","og_description":"Robert Gora Consulting - Senior Procurement Manager und Experte mit mehr als 20 Jahren Erfahrung. Der Status quo der Beschaffung ...","og_url":"https:\/\/consulting-gora.de\/de\/","og_site_name":"Robert Gora Consulting","article_modified_time":"2024-04-08T16:02:42+00:00","og_image":[{"url":"https:\/\/consulting-gora.de\/wp-content\/uploads\/2023\/12\/robert-gora_0338_web-e1702038226284-300x300.jpg"}],"twitter_card":"summary_large_image","twitter_misc":{"Gesch\u00e4tzte Lesezeit":"2\u00a0Minuten"},"schema":{"@context":"https:\/\/schema.org","@graph":[{"@type":"WebPage","@id":"https:\/\/consulting-gora.de\/de\/","url":"https:\/\/consulting-gora.de\/de\/","name":"Startseite | Robert Gora Consulting","isPartOf":{"@id":"https:\/\/consulting-gora.de\/de\/#website"},"primaryImageOfPage":{"@id":"https:\/\/consulting-gora.de\/de\/#primaryimage"},"image":{"@id":"https:\/\/consulting-gora.de\/de\/#primaryimage"},"thumbnailUrl":"https:\/\/consulting-gora.de\/wp-content\/uploads\/2023\/12\/robert-gora_0338_web-e1702038226284-300x300.jpg","datePublished":"2023-12-07T15:25:25+00:00","dateModified":"2024-04-08T16:02:42+00:00","description":"Robert Gora Consulting - Senior Procurement Manager und Experte mit mehr als 20 Jahren Erfahrung. Der Status quo der Beschaffung ...","breadcrumb":{"@id":"https:\/\/consulting-gora.de\/de\/#breadcrumb"},"inLanguage":"de","potentialAction":[{"@type":"ReadAction","target":["https:\/\/consulting-gora.de\/de\/"]}]},{"@type":"ImageObject","inLanguage":"de","@id":"https:\/\/consulting-gora.de\/de\/#primaryimage","url":"https:\/\/consulting-gora.de\/wp-content\/uploads\/2023\/12\/robert-gora_0338_web-e1702038226284-300x300.jpg","contentUrl":"https:\/\/consulting-gora.de\/wp-content\/uploads\/2023\/12\/robert-gora_0338_web-e1702038226284-300x300.jpg"},{"@type":"BreadcrumbList","@id":"https:\/\/consulting-gora.de\/de\/#breadcrumb","itemListElement":[{"@type":"ListItem","position":1,"name":"Home","item":"https:\/\/consulting-gora.de\/de\/"},{"@type":"ListItem","position":2,"name":"Startseite"}]},{"@type":"WebSite","@id":"https:\/\/consulting-gora.de\/de\/#website","url":"https:\/\/consulting-gora.de\/de\/","name":"Robert Gora Consulting","description":"","publisher":{"@id":"https:\/\/consulting-gora.de\/de\/#organization"},"potentialAction":[{"@type":"SearchAction","target":{"@type":"EntryPoint","urlTemplate":"https:\/\/consulting-gora.de\/de\/?s={search_term_string}"},"query-input":{"@type":"PropertyValueSpecification","valueRequired":true,"valueName":"search_term_string"}}],"inLanguage":"de"},{"@type":"Organization","@id":"https:\/\/consulting-gora.de\/de\/#organization","name":"Robert Gora Consulting","url":"https:\/\/consulting-gora.de\/de\/","logo":{"@type":"ImageObject","inLanguage":"de","@id":"https:\/\/consulting-gora.de\/de\/#\/schema\/logo\/image\/","url":"https:\/\/consulting-gora.de\/wp-content\/uploads\/2024\/01\/Gora_rgb.png","contentUrl":"https:\/\/consulting-gora.de\/wp-content\/uploads\/2024\/01\/Gora_rgb.png","width":443,"height":199,"caption":"Robert Gora Consulting"},"image":{"@id":"https:\/\/consulting-gora.de\/de\/#\/schema\/logo\/image\/"},"sameAs":["https:\/\/www.linkedin.com\/in\/robert-gora-02380846\/"]}]}},"_links":{"self":[{"href":"https:\/\/consulting-gora.de\/de\/wp-json\/wp\/v2\/pages\/385","targetHints":{"allow":["GET"]}}],"collection":[{"href":"https:\/\/consulting-gora.de\/de\/wp-json\/wp\/v2\/pages"}],"about":[{"href":"https:\/\/consulting-gora.de\/de\/wp-json\/wp\/v2\/types\/page"}],"author":[{"embeddable":true,"href":"https:\/\/consulting-gora.de\/de\/wp-json\/wp\/v2\/users\/1"}],"replies":[{"embeddable":true,"href":"https:\/\/consulting-gora.de\/de\/wp-json\/wp\/v2\/comments?post=385"}],"version-history":[{"count":5,"href":"https:\/\/consulting-gora.de\/de\/wp-json\/wp\/v2\/pages\/385\/revisions"}],"predecessor-version":[{"id":393,"href":"https:\/\/consulting-gora.de\/de\/wp-json\/wp\/v2\/pages\/385\/revisions\/393"}],"wp:attachment":[{"href":"https:\/\/consulting-gora.de\/de\/wp-json\/wp\/v2\/media?parent=385"}],"curies":[{"name":"wp","href":"https:\/\/api.w.org\/{rel}","templated":true}]}}